{"id":6,"date":"2013-09-18T09:29:03","date_gmt":"2013-09-18T09:29:03","guid":{"rendered":"http:\/\/fccorporate.wpengine.com\/wordpress\/?page_id=6"},"modified":"2022-05-06T16:11:18","modified_gmt":"2022-05-06T14:11:18","slug":"ueber-uns","status":"publish","type":"page","link":"https:\/\/fotocommunity.net\/de\/ueber-uns\/","title":{"rendered":"\u00dcber uns"},"content":{"rendered":"[full_width_section background_color=&#8220;#39A9E0&#8243; text_color=&#8220;light&#8220; top_padding=&#8220;20&#8243; bottom_padding=&#8220;20&#8243;][vc_column column_padding=&#8220;no-extra-padding&#8220; column_padding_position=&#8220;all&#8220; background_color_opacity=&#8220;1&#8243; background_hover_color_opacity=&#8220;1&#8243; column_shadow=&#8220;none&#8220; column_border_radius=&#8220;none&#8220; width=&#8220;1\/1&#8243; tablet_text_alignment=&#8220;default&#8220; phone_text_alignment=&#8220;default&#8220; column_border_width=&#8220;none&#8220; column_border_style=&#8220;solid&#8220;][vc_column_text]\n<h1>\u00dcber uns<\/h1>\n[\/vc_column_text][\/vc_column][\/full_width_section]<div class=\"col span_9\" data-animation=\"\" data-delay=\"0\">[vc_column_text]\n<p>Im Jahr 2001 entstand die Idee, Fotoprojekte von engagierten Amateurfotografen unter einer einheitlichen Oberfl\u00e4che zusammenzufassen, zu vernetzen. Die fotocommunity war geboren.<\/p>\n<p>Heute ist die fotocommunity mit \u00fcber 1.700.000 Mitgliedern die gr\u00f6\u00dfte Internetgemeinschaft f\u00fcr Hobby-Fotografen in Europa. Und die erste Anlaufstelle f\u00fcr Firmen, die mit Ihrer Online-Werbung eine hochspezialisierte, kaufkr\u00e4ftige und innovationsfreudige Zielgruppe erreichen wollen.<\/p>\n<p>Die fotocommunity ist auf dem Weg, ihr Konzept weltweit zum Erfolg zu f\u00fchren.<br \/>\nSeit 2004 ist die englischsprachige fotocommunity.com online und erfreut sich, ebenso wie die seit Anfang 2006 bestehende italienische fotocommunity.it, wachsender Beliebtheit. Die beiden neuesten Sprachversionen, die franz\u00f6sische und die spanische fotocommunity, wurden zur photokina 2006 gelauncht. Derzeit besch\u00e4ftigt die fotocommunity 25 feste und zahlreiche freiwillige Mitstreiter.<\/p>\n[\/vc_column_text]<\/div><div class=\"col span_3 col_last\" data-animation=\"\" data-delay=\"0\">[vc_column_text] <img loading=\"lazy\" decoding=\"async\" class=\"size-medium wp-image-532 alignright\" src=\"\/wp-content\/uploads\/2013\/09\/Fotolia_8440621_XS-300x200.jpg\" alt=\"photographers on object\" width=\"300\" height=\"200\" srcset=\"https:\/\/fotocommunity.net\/wp-content\/uploads\/2013\/09\/Fotolia_8440621_XS-300x200.jpg 300w, https:\/\/fotocommunity.net\/wp-content\/uploads\/2013\/09\/Fotolia_8440621_XS.jpg 424w\" sizes=\"auto, (max-width: 300px) 100vw, 300px\" \/> [\/vc_column_text]<\/div><div class=\"clear\"><\/div>[vc_row type=&#8220;in_container&#8220; full_screen_row_position=&#8220;middle&#8220; scene_position=&#8220;center&#8220; text_color=&#8220;dark&#8220; text_align=&#8220;left&#8220; overlay_strength=&#8220;0.3&#8243; shape_divider_position=&#8220;bottom&#8220;][vc_column column_padding=&#8220;no-extra-padding&#8220; column_padding_position=&#8220;all&#8220; background_color_opacity=&#8220;1&#8243; background_hover_color_opacity=&#8220;1&#8243; column_shadow=&#8220;none&#8220; column_border_radius=&#8220;none&#8220; width=&#8220;1\/1&#8243; tablet_text_alignment=&#8220;default&#8220; phone_text_alignment=&#8220;default&#8220; column_border_width=&#8220;none&#8220; column_border_style=&#8220;solid&#8220;]<div class=\"divider-wrap\"><div style=\"height: 20px;\" class=\"divider\"><\/div><\/div>[\/vc_column][\/vc_row]","protected":false},"excerpt":{"rendered":"<p>[full_width_section background_color=&#8220;#39A9E0&#8243; text_color=&#8220;light&#8220; top_padding=&#8220;20&#8243; bottom_padding=&#8220;20&#8243;][vc_column column_padding=&#8220;no-extra-padding&#8220; column_padding_position=&#8220;all&#8220; background_color_opacity=&#8220;1&#8243; background_hover_color_opacity=&#8220;1&#8243; column_shadow=&#8220;none&#8220; column_border_radius=&#8220;none&#8220; width=&#8220;1\/1&#8243; tablet_text_alignment=&#8220;default&#8220; phone_text_alignment=&#8220;default&#8220; column_border_width=&#8220;none&#8220; column_border_style=&#8220;solid&#8220;][vc_column_text] \u00dcber uns [\/vc_column_text][\/vc_column][\/full_width_section][vc_row type=&#8220;in_container&#8220; full_screen_row_position=&#8220;middle&#8220; scene_position=&#8220;center&#8220; text_color=&#8220;dark&#8220; text_align=&#8220;left&#8220; overlay_strength=&#8220;0.3&#8243; shape_divider_position=&#8220;bottom&#8220;][vc_column column_padding=&#8220;no-extra-padding&#8220; column_padding_position=&#8220;all&#8220; background_color_opacity=&#8220;1&#8243; background_hover_color_opacity=&#8220;1&#8243;&#8230;<\/p>\n","protected":false},"author":25,"featured_media":0,"parent":0,"menu_order":0,"comment_status":"closed","ping_status":"closed","template":"","meta":{"footnotes":""},"class_list":["post-6","page","type-page","status-publish"],"yoast_head":"<!-- This site is optimized with the Yoast SEO plugin v24.2 - https:\/\/yoast.com\/wordpress\/plugins\/seo\/ -->\n<title>\u00dcber die fotocommunity<\/title>\n<meta name=\"description\" content=\"\u00dcber die fotocommunity\" \/>\n<meta name=\"robots\" content=\"index, follow, max-snippet:-1, max-image-preview:large, max-video-preview:-1\" \/>\n<link rel=\"canonical\" href=\"http:\/\/fotocommunity.net\/de\/ueber-uns\/\" \/>\n<meta property=\"og:locale\" content=\"de_DE\" \/>\n<meta property=\"og:type\" content=\"article\" \/>\n<meta property=\"og:title\" content=\"\u00dcber die fotocommunity\" \/>\n<meta property=\"og:description\" content=\"\u00dcber die fotocommunity\" \/>\n<meta property=\"og:url\" content=\"http:\/\/fotocommunity.net\/de\/ueber-uns\/\" \/>\n<meta property=\"og:site_name\" content=\"fotocommunity\" \/>\n<meta property=\"article:modified_time\" content=\"2022-05-06T14:11:18+00:00\" \/>\n<meta name=\"twitter:label1\" content=\"Gesch\u00e4tzte Lesezeit\" \/>\n\t<meta name=\"twitter:data1\" content=\"5\u00a0Minuten\" \/>\n<script type=\"application\/ld+json\" class=\"yoast-schema-graph\">{\"@context\":\"https:\/\/schema.org\",\"@graph\":[{\"@type\":\"WebPage\",\"@id\":\"http:\/\/fotocommunity.net\/de\/ueber-uns\/\",\"url\":\"http:\/\/fotocommunity.net\/de\/ueber-uns\/\",\"name\":\"\u00dcber die fotocommunity\",\"isPartOf\":{\"@id\":\"http:\/\/fotocommunity.net\/de\/#website\"},\"datePublished\":\"2013-09-18T09:29:03+00:00\",\"dateModified\":\"2022-05-06T14:11:18+00:00\",\"description\":\"\u00dcber die fotocommunity\",\"breadcrumb\":{\"@id\":\"http:\/\/fotocommunity.net\/de\/ueber-uns\/#breadcrumb\"},\"inLanguage\":\"de\",\"potentialAction\":[{\"@type\":\"ReadAction\",\"target\":[\"http:\/\/fotocommunity.net\/de\/ueber-uns\/\"]}]},{\"@type\":\"BreadcrumbList\",\"@id\":\"http:\/\/fotocommunity.net\/de\/ueber-uns\/#breadcrumb\",\"itemListElement\":[{\"@type\":\"ListItem\",\"position\":1,\"name\":\"Home\",\"item\":\"http:\/\/fotocommunity.net\/de\/\"},{\"@type\":\"ListItem\",\"position\":2,\"name\":\"\u00dcber uns\"}]},{\"@type\":\"WebSite\",\"@id\":\"http:\/\/fotocommunity.net\/de\/#website\",\"url\":\"http:\/\/fotocommunity.net\/de\/\",\"name\":\"fotocommunity\",\"description\":\"(English) Wir unternehmen fotocommunity\",\"publisher\":{\"@id\":\"http:\/\/fotocommunity.net\/de\/#organization\"},\"potentialAction\":[{\"@type\":\"SearchAction\",\"target\":{\"@type\":\"EntryPoint\",\"urlTemplate\":\"http:\/\/fotocommunity.net\/de\/?s={search_term_string}\"},\"query-input\":{\"@type\":\"PropertyValueSpecification\",\"valueRequired\":true,\"valueName\":\"search_term_string\"}}],\"inLanguage\":\"de\"},{\"@type\":\"Organization\",\"@id\":\"http:\/\/fotocommunity.net\/de\/#organization\",\"name\":\"fotocommunity GmbH\",\"url\":\"http:\/\/fotocommunity.net\/de\/\",\"logo\":{\"@type\":\"ImageObject\",\"inLanguage\":\"de\",\"@id\":\"http:\/\/fotocommunity.net\/de\/#\/schema\/logo\/image\/\",\"url\":\"https:\/\/fotocommunity.net\/wp-content\/uploads\/2014\/07\/logo-corporate.png\",\"contentUrl\":\"https:\/\/fotocommunity.net\/wp-content\/uploads\/2014\/07\/logo-corporate.png\",\"width\":277,\"height\":30,\"caption\":\"fotocommunity GmbH\"},\"image\":{\"@id\":\"http:\/\/fotocommunity.net\/de\/#\/schema\/logo\/image\/\"}}]}<\/script>\n<!-- \/ Yoast SEO plugin. -->","yoast_head_json":{"title":"\u00dcber die fotocommunity","description":"\u00dcber die fotocommunity","robots":{"index":"index","follow":"follow","max-snippet":"max-snippet:-1","max-image-preview":"max-image-preview:large","max-video-preview":"max-video-preview:-1"},"canonical":"http:\/\/fotocommunity.net\/de\/ueber-uns\/","og_locale":"de_DE","og_type":"article","og_title":"\u00dcber die fotocommunity","og_description":"\u00dcber die fotocommunity","og_url":"http:\/\/fotocommunity.net\/de\/ueber-uns\/","og_site_name":"fotocommunity","article_modified_time":"2022-05-06T14:11:18+00:00","twitter_misc":{"Gesch\u00e4tzte Lesezeit":"5\u00a0Minuten"},"schema":{"@context":"https:\/\/schema.org","@graph":[{"@type":"WebPage","@id":"http:\/\/fotocommunity.net\/de\/ueber-uns\/","url":"http:\/\/fotocommunity.net\/de\/ueber-uns\/","name":"\u00dcber die fotocommunity","isPartOf":{"@id":"http:\/\/fotocommunity.net\/de\/#website"},"datePublished":"2013-09-18T09:29:03+00:00","dateModified":"2022-05-06T14:11:18+00:00","description":"\u00dcber die fotocommunity","breadcrumb":{"@id":"http:\/\/fotocommunity.net\/de\/ueber-uns\/#breadcrumb"},"inLanguage":"de","potentialAction":[{"@type":"ReadAction","target":["http:\/\/fotocommunity.net\/de\/ueber-uns\/"]}]},{"@type":"BreadcrumbList","@id":"http:\/\/fotocommunity.net\/de\/ueber-uns\/#breadcrumb","itemListElement":[{"@type":"ListItem","position":1,"name":"Home","item":"http:\/\/fotocommunity.net\/de\/"},{"@type":"ListItem","position":2,"name":"\u00dcber uns"}]},{"@type":"WebSite","@id":"http:\/\/fotocommunity.net\/de\/#website","url":"http:\/\/fotocommunity.net\/de\/","name":"fotocommunity","description":"(English) Wir unternehmen fotocommunity","publisher":{"@id":"http:\/\/fotocommunity.net\/de\/#organization"},"potentialAction":[{"@type":"SearchAction","target":{"@type":"EntryPoint","urlTemplate":"http:\/\/fotocommunity.net\/de\/?s={search_term_string}"},"query-input":{"@type":"PropertyValueSpecification","valueRequired":true,"valueName":"search_term_string"}}],"inLanguage":"de"},{"@type":"Organization","@id":"http:\/\/fotocommunity.net\/de\/#organization","name":"fotocommunity GmbH","url":"http:\/\/fotocommunity.net\/de\/","logo":{"@type":"ImageObject","inLanguage":"de","@id":"http:\/\/fotocommunity.net\/de\/#\/schema\/logo\/image\/","url":"https:\/\/fotocommunity.net\/wp-content\/uploads\/2014\/07\/logo-corporate.png","contentUrl":"https:\/\/fotocommunity.net\/wp-content\/uploads\/2014\/07\/logo-corporate.png","width":277,"height":30,"caption":"fotocommunity GmbH"},"image":{"@id":"http:\/\/fotocommunity.net\/de\/#\/schema\/logo\/image\/"}}]}},"_links":{"self":[{"href":"https:\/\/fotocommunity.net\/de\/wp-json\/wp\/v2\/pages\/6","targetHints":{"allow":["GET"]}}],"collection":[{"href":"https:\/\/fotocommunity.net\/de\/wp-json\/wp\/v2\/pages"}],"about":[{"href":"https:\/\/fotocommunity.net\/de\/wp-json\/wp\/v2\/types\/page"}],"author":[{"embeddable":true,"href":"https:\/\/fotocommunity.net\/de\/wp-json\/wp\/v2\/users\/25"}],"replies":[{"embeddable":true,"href":"https:\/\/fotocommunity.net\/de\/wp-json\/wp\/v2\/comments?post=6"}],"version-history":[{"count":0,"href":"https:\/\/fotocommunity.net\/de\/wp-json\/wp\/v2\/pages\/6\/revisions"}],"wp:attachment":[{"href":"https:\/\/fotocommunity.net\/de\/wp-json\/wp\/v2\/media?parent=6"}],"curies":[{"name":"wp","href":"https:\/\/api.w.org\/{rel}","templated":true}]}}