{"id":109,"date":"2013-09-18T16:54:48","date_gmt":"2013-09-18T16:54:48","guid":{"rendered":"http:\/\/fccorporate.wpengine.com\/wordpress\/?page_id=109"},"modified":"2026-01-19T13:35:54","modified_gmt":"2026-01-19T12:35:54","slug":"die-offizielle-firmenhomepage-der-fotocommunity-gmbh","status":"publish","type":"page","link":"https:\/\/fotocommunity.net\/en\/","title":{"rendered":"We develop community"},"content":{"rendered":"<h1 style=\"text-align: center;\">We develop community<\/h1>\n<p style=\"text-align: center;\">A photo triggers something: inspiration, emotion, discussion. Through dialog, a community is created. And dialog, within this community, creates a better photo. fotocommunity is a community for picture enthusiasts. It is a community with 20 million better photos.<\/p>\n<p style=\"text-align: center;\">The following sites reveal everything about fotocommunty: about our concept, about the largest internet community for amateur photographers in Europe, about our services and about the international firm, fotocommunity GmbH.<\/p>\n<div class=\"col span_12 centered-text\" data-animation=\"\" data-delay=\"0\"><div class=\"divider-wrap\"><div  data-width=\"20%\" data-animate=\"\" data-animation-delay=\"\" data-color=\"default\" class=\"divider-small-border\"><\/div><\/div><\/div><div class=\"clear\"><\/div>\n<div class=\"col span_6 centered-text\" data-animation=\"\" data-delay=\"0\"><a href=\"http:\/\/www.fotocommunity.de\/complete\"><img loading=\"lazy\" decoding=\"async\" class=\"alignnone size-full wp-image-697\" src=\"http:\/\/fotocommunity.net\/wp-content\/uploads\/2014\/10\/teaser-complete-net.png\" alt=\"Alle Funktionen der fotocommunity inklusive Adobe Photoshop CC und Lightroom zum Vorteilspreis\" width=\"539\" height=\"255\" \/><\/a><\/div>\n<div class=\"col span_6 col_last centered-text\" data-animation=\"\" data-delay=\"0\"><a href=\"http:\/\/fotoschule.fotocommunity.de\/\"><img loading=\"lazy\" decoding=\"async\" class=\"alignnone size-full wp-image-740\" src=\"http:\/\/fotocommunity.net\/wp-content\/uploads\/2014\/10\/teaser-fotoschule-net.png\" alt=\"fotocommunity macht Schule.\" width=\"539\" height=\"255\" \/><\/a><\/div><div class=\"clear\"><\/div>","protected":false},"excerpt":{"rendered":"<p>We develop community A photo triggers something: inspiration, emotion, discussion. Through dialog, a community is created. And dialog, within this community, creates a better photo. fotocommunity is a community for&#8230;<\/p>\n","protected":false},"author":25,"featured_media":0,"parent":0,"menu_order":0,"comment_status":"closed","ping_status":"closed","template":"","meta":{"footnotes":""},"class_list":["post-109","page","type-page","status-publish"],"yoast_head":"<!-- This site is optimized with the Yoast SEO plugin v24.2 - https:\/\/yoast.com\/wordpress\/plugins\/seo\/ -->\n<title>We develop community - fotocommunity<\/title>\n<meta name=\"description\" content=\"Alles \u00fcber die fotocommunity GmbH - ein Unternehmen der WEKA Group.\" \/>\n<meta name=\"robots\" content=\"index, follow, max-snippet:-1, max-image-preview:large, max-video-preview:-1\" \/>\n<link rel=\"canonical\" href=\"http:\/\/fotocommunity.net\/de\/\" \/>\n<meta property=\"og:locale\" content=\"en_US\" \/>\n<meta property=\"og:type\" content=\"article\" \/>\n<meta property=\"og:title\" content=\"[:de]Wir unternehmen Gemeinschaft[:en]We develop community[:fr]Nous cr\u00e9ons communaut\u00e9[:it]Noi facciamo community[:es]Creamos comunidad[:] - fotocommunity\" \/>\n<meta property=\"og:description\" content=\"Alles \u00fcber die fotocommunity GmbH - ein Unternehmen der WEKA Group.\" \/>\n<meta property=\"og:url\" content=\"http:\/\/fotocommunity.net\/de\/\" \/>\n<meta property=\"og:site_name\" content=\"fotocommunity\" \/>\n<meta property=\"article:modified_time\" content=\"2026-01-19T12:35:54+00:00\" \/>\n<meta name=\"twitter:label1\" content=\"Est. reading time\" \/>\n\t<meta name=\"twitter:data1\" content=\"6 minutes\" \/>\n<script type=\"application\/ld+json\" class=\"yoast-schema-graph\">{\"@context\":\"https:\/\/schema.org\",\"@graph\":[{\"@type\":\"WebPage\",\"@id\":\"http:\/\/fotocommunity.net\/de\/\",\"url\":\"http:\/\/fotocommunity.net\/de\/\",\"name\":\"[:de]Wir unternehmen Gemeinschaft[:en]We develop community[:fr]Nous cr\u00e9ons communaut\u00e9[:it]Noi facciamo community[:es]Creamos comunidad[:] - fotocommunity\",\"isPartOf\":{\"@id\":\"http:\/\/fotocommunity.net\/de\/#website\"},\"primaryImageOfPage\":{\"@id\":\"http:\/\/fotocommunity.net\/de\/#primaryimage\"},\"image\":{\"@id\":\"http:\/\/fotocommunity.net\/de\/#primaryimage\"},\"thumbnailUrl\":\"http:\/\/fotocommunity.net\/wp-content\/uploads\/2014\/10\/teaser-complete-net.png\",\"datePublished\":\"2013-09-18T16:54:48+00:00\",\"dateModified\":\"2026-01-19T12:35:54+00:00\",\"description\":\"Alles \u00fcber die fotocommunity GmbH - ein Unternehmen der WEKA Group.\",\"breadcrumb\":{\"@id\":\"http:\/\/fotocommunity.net\/de\/#breadcrumb\"},\"inLanguage\":\"en-US\",\"potentialAction\":[{\"@type\":\"ReadAction\",\"target\":[\"http:\/\/fotocommunity.net\/de\/\"]}]},{\"@type\":\"ImageObject\",\"inLanguage\":\"en-US\",\"@id\":\"http:\/\/fotocommunity.net\/de\/#primaryimage\",\"url\":\"http:\/\/fotocommunity.net\/wp-content\/uploads\/2014\/10\/teaser-complete-net.png\",\"contentUrl\":\"http:\/\/fotocommunity.net\/wp-content\/uploads\/2014\/10\/teaser-complete-net.png\"},{\"@type\":\"BreadcrumbList\",\"@id\":\"http:\/\/fotocommunity.net\/de\/#breadcrumb\",\"itemListElement\":[{\"@type\":\"ListItem\",\"position\":1,\"name\":\"Home\",\"item\":\"http:\/\/fotocommunity.net\/de\/\"},{\"@type\":\"ListItem\",\"position\":2,\"name\":\"Wir unternehmen Gemeinschaft\"}]},{\"@type\":\"WebSite\",\"@id\":\"http:\/\/fotocommunity.net\/de\/#website\",\"url\":\"http:\/\/fotocommunity.net\/de\/\",\"name\":\"fotocommunity\",\"description\":\"Wir unternehmen fotocommunity\",\"publisher\":{\"@id\":\"http:\/\/fotocommunity.net\/de\/#organization\"},\"potentialAction\":[{\"@type\":\"SearchAction\",\"target\":{\"@type\":\"EntryPoint\",\"urlTemplate\":\"http:\/\/fotocommunity.net\/de\/?s={search_term_string}\"},\"query-input\":{\"@type\":\"PropertyValueSpecification\",\"valueRequired\":true,\"valueName\":\"search_term_string\"}}],\"inLanguage\":\"en-US\"},{\"@type\":\"Organization\",\"@id\":\"http:\/\/fotocommunity.net\/de\/#organization\",\"name\":\"fotocommunity GmbH\",\"url\":\"http:\/\/fotocommunity.net\/de\/\",\"logo\":{\"@type\":\"ImageObject\",\"inLanguage\":\"en-US\",\"@id\":\"http:\/\/fotocommunity.net\/de\/#\/schema\/logo\/image\/\",\"url\":\"https:\/\/fotocommunity.net\/wp-content\/uploads\/2014\/07\/logo-corporate.png\",\"contentUrl\":\"https:\/\/fotocommunity.net\/wp-content\/uploads\/2014\/07\/logo-corporate.png\",\"width\":277,\"height\":30,\"caption\":\"fotocommunity GmbH\"},\"image\":{\"@id\":\"http:\/\/fotocommunity.net\/de\/#\/schema\/logo\/image\/\"}}]}<\/script>\n<!-- \/ Yoast SEO plugin. -->","yoast_head_json":{"title":"[:de]Wir unternehmen Gemeinschaft[:en]We develop community[:fr]Nous cr\u00e9ons communaut\u00e9[:it]Noi facciamo community[:es]Creamos comunidad[:] - fotocommunity","description":"Alles \u00fcber die fotocommunity GmbH - ein Unternehmen der WEKA Group.","robots":{"index":"index","follow":"follow","max-snippet":"max-snippet:-1","max-image-preview":"max-image-preview:large","max-video-preview":"max-video-preview:-1"},"canonical":"http:\/\/fotocommunity.net\/de\/","og_locale":"en_US","og_type":"article","og_title":"[:de]Wir unternehmen Gemeinschaft[:en]We develop community[:fr]Nous cr\u00e9ons communaut\u00e9[:it]Noi facciamo community[:es]Creamos comunidad[:] - fotocommunity","og_description":"Alles \u00fcber die fotocommunity GmbH - ein Unternehmen der WEKA Group.","og_url":"http:\/\/fotocommunity.net\/de\/","og_site_name":"fotocommunity","article_modified_time":"2026-01-19T12:35:54+00:00","twitter_misc":{"Est. reading time":"6 minutes"},"schema":{"@context":"https:\/\/schema.org","@graph":[{"@type":"WebPage","@id":"http:\/\/fotocommunity.net\/de\/","url":"http:\/\/fotocommunity.net\/de\/","name":"[:de]Wir unternehmen Gemeinschaft[:en]We develop community[:fr]Nous cr\u00e9ons communaut\u00e9[:it]Noi facciamo community[:es]Creamos comunidad[:] - fotocommunity","isPartOf":{"@id":"http:\/\/fotocommunity.net\/de\/#website"},"primaryImageOfPage":{"@id":"http:\/\/fotocommunity.net\/de\/#primaryimage"},"image":{"@id":"http:\/\/fotocommunity.net\/de\/#primaryimage"},"thumbnailUrl":"http:\/\/fotocommunity.net\/wp-content\/uploads\/2014\/10\/teaser-complete-net.png","datePublished":"2013-09-18T16:54:48+00:00","dateModified":"2026-01-19T12:35:54+00:00","description":"Alles \u00fcber die fotocommunity GmbH - ein Unternehmen der WEKA Group.","breadcrumb":{"@id":"http:\/\/fotocommunity.net\/de\/#breadcrumb"},"inLanguage":"en-US","potentialAction":[{"@type":"ReadAction","target":["http:\/\/fotocommunity.net\/de\/"]}]},{"@type":"ImageObject","inLanguage":"en-US","@id":"http:\/\/fotocommunity.net\/de\/#primaryimage","url":"http:\/\/fotocommunity.net\/wp-content\/uploads\/2014\/10\/teaser-complete-net.png","contentUrl":"http:\/\/fotocommunity.net\/wp-content\/uploads\/2014\/10\/teaser-complete-net.png"},{"@type":"BreadcrumbList","@id":"http:\/\/fotocommunity.net\/de\/#breadcrumb","itemListElement":[{"@type":"ListItem","position":1,"name":"Home","item":"http:\/\/fotocommunity.net\/de\/"},{"@type":"ListItem","position":2,"name":"Wir unternehmen Gemeinschaft"}]},{"@type":"WebSite","@id":"http:\/\/fotocommunity.net\/de\/#website","url":"http:\/\/fotocommunity.net\/de\/","name":"fotocommunity","description":"Wir unternehmen fotocommunity","publisher":{"@id":"http:\/\/fotocommunity.net\/de\/#organization"},"potentialAction":[{"@type":"SearchAction","target":{"@type":"EntryPoint","urlTemplate":"http:\/\/fotocommunity.net\/de\/?s={search_term_string}"},"query-input":{"@type":"PropertyValueSpecification","valueRequired":true,"valueName":"search_term_string"}}],"inLanguage":"en-US"},{"@type":"Organization","@id":"http:\/\/fotocommunity.net\/de\/#organization","name":"fotocommunity GmbH","url":"http:\/\/fotocommunity.net\/de\/","logo":{"@type":"ImageObject","inLanguage":"en-US","@id":"http:\/\/fotocommunity.net\/de\/#\/schema\/logo\/image\/","url":"https:\/\/fotocommunity.net\/wp-content\/uploads\/2014\/07\/logo-corporate.png","contentUrl":"https:\/\/fotocommunity.net\/wp-content\/uploads\/2014\/07\/logo-corporate.png","width":277,"height":30,"caption":"fotocommunity GmbH"},"image":{"@id":"http:\/\/fotocommunity.net\/de\/#\/schema\/logo\/image\/"}}]}},"_links":{"self":[{"href":"https:\/\/fotocommunity.net\/en\/wp-json\/wp\/v2\/pages\/109","targetHints":{"allow":["GET"]}}],"collection":[{"href":"https:\/\/fotocommunity.net\/en\/wp-json\/wp\/v2\/pages"}],"about":[{"href":"https:\/\/fotocommunity.net\/en\/wp-json\/wp\/v2\/types\/page"}],"author":[{"embeddable":true,"href":"https:\/\/fotocommunity.net\/en\/wp-json\/wp\/v2\/users\/25"}],"replies":[{"embeddable":true,"href":"https:\/\/fotocommunity.net\/en\/wp-json\/wp\/v2\/comments?post=109"}],"version-history":[{"count":0,"href":"https:\/\/fotocommunity.net\/en\/wp-json\/wp\/v2\/pages\/109\/revisions"}],"wp:attachment":[{"href":"https:\/\/fotocommunity.net\/en\/wp-json\/wp\/v2\/media?parent=109"}],"curies":[{"name":"wp","href":"https:\/\/api.w.org\/{rel}","templated":true}]}}