{"id":1180,"date":"2018-05-16T17:14:21","date_gmt":"2018-05-16T15:14:21","guid":{"rendered":"http:\/\/fotocommunity.net\/de\/?page_id=1180"},"modified":"2020-07-09T16:30:33","modified_gmt":"2020-07-09T14:30:33","slug":"datenschutz","status":"publish","type":"page","link":"https:\/\/fotocommunity.net\/es\/politica-de-privacidad\/","title":{"rendered":"Pol\u00edtica de privacidad"},"content":{"rendered":"[full_width_section bg_pos=\u00bbLeft Top\u00bb bg_repeat=\u00bbNo-Repeat\u00bb text_color=\u00bblight\u00bb image_url=\u00bb\u00bb top_padding=\u00bb20&#8243; bottom_padding=\u00bb20&#8243; background_color=\u00bb#39A9E0&#8243;]\n<h1>Pol\u00edtica de privacidad<\/h1>\n[\/full_width_section]\n<h2>Pol\u00edtica de protecci\u00f3n de datos<\/h2>\n<p>Tanto en fotocommunity como en nuestras empresas afiliadas nos tomamos muy en serio la protecci\u00f3n de tus datos personales y queremos que te sientas c\u00f3modo al visitar nuestra comunidad. Tu privacidad nos es muy importante y la respetamos en todos nuestros procesos de negocio. Tratamos tus datos cuidadosamente y solo los utilizamos cuando es absolutamente necesario. Estamos sujetos a las leyes de la Rep\u00fablica Federal de Alemania, en especial a la Ley Federal de Protecci\u00f3n de Datos\u00a0(Bundesdatenschutzgesetz BDSG)\u00a0y\u00a0la\u00a0Ley sobre protecci\u00f3n de datos en Telemedia (Telemediengesetz TMG). Nuestra p\u00e1gina contiene enlaces a otras p\u00e1ginas web y anuncios de terceros. Esta pol\u00edtica de protecci\u00f3n de datos no se les aplica, ya que el \u00e1mbito de aplicaci\u00f3n se limita exclusivamente a nuestra p\u00e1gina web.<\/p>\n<h2>Datos personales<\/h2>\n<p>Se define como dato personal a toda aquella informaci\u00f3n a trav\u00e9s de la cual se pueda determinar tu identidad. Este tipo de informaci\u00f3n puede incluir, entre otras cosas, tu nombre o tu direcci\u00f3n. En cambio, la informaci\u00f3n que no permite determinar tu identidad, como, por ejemplo, el navegador que usas, no se considera dato personal.<\/p>\n<h2>Uso de datos personales<\/h2>\n<p>Cuando visitas nuestra p\u00e1gina web, nuestros servidores almacenan de manera autom\u00e1tica la direcci\u00f3n IP de tu proveedor de servicios de Internet (ISP), la p\u00e1gina web desde la que nos visitas, las p\u00e1ginas web que visitas dentro de nuestra web, la fecha y la duraci\u00f3n de tu visita. Estos datos se registran por motivos de seguridad. Tambi\u00e9n utilizamos esta informaci\u00f3n de forma an\u00f3nima para mejorar el dise\u00f1o de nuestra web. Para ello, hacemos uso de cookies, que son necesarias para la publicidad y el proceso de registro. Las cookies son peque\u00f1os archivos de texto que se almacenan en tu ordenador al visitarnos. Con la ayuda de las cookies, podemos adaptar la configuraci\u00f3n de usuario y proporcionar funciones personalizadas. Puedes desactivar las cookies en tu navegador. Sin embargo, si este es el caso, es posible que no puedas utilizar todas las funciones de nuestro sitio web. Almacenamos tambi\u00e9n los datos personales proporcionados en el registro y en el pago, adem\u00e1s de aquellos que son necesarios para ser miembro de fotocommunity y para la ejecuci\u00f3n del correspondiente contrato. Adem\u00e1s, si participas activamente en fotocommunity, las fotograf\u00edas, videos y archivos de audio que hayas subido, as\u00ed como los comentarios y las declaraciones hechas en foros por ti, son almacenados, asignados a tu persona y publicados bajo tu nombre. Tambi\u00e9n nos gustar\u00eda utilizar tus datos para optimizar y adaptar nuestro sitio web a tu perfil, pudiendo as\u00ed informarte acerca de ofertas y servicios, tanto nuestros como de nuestros socios, o incluirte en nuestras encuestas. En tu configuraci\u00f3n de usuario puedes desactivar esa opci\u00f3n. Si te das de baja de fotocommunity, se eliminar\u00e1n tus datos en un periodo no superior a dos meses, siempre que sea posible y est\u00e9 permitido por la ley. En particular, eliminamos la informaci\u00f3n que has proporcionado en el registro, la correspondiente a los datos de archivos multimedia subidos por ti y los mensajes que te han sido enviados. Lamentablemente, estamos legalmente obligados a mantener determinados datos, como la informaci\u00f3n de los pago, almacenados por m\u00e1s tiempo para efectos fiscales. Si has participado activamente en la comunidad de fotocommunity a trav\u00e9s de mensajes en foros, comentarios y similares, estas contribuciones se guardan incluso despu\u00e9s de la terminaci\u00f3n de tu membres\u00eda. Lo mismo ocurre con tu reacci\u00f3n a nuestro bolet\u00edn.<\/p>\n<h2>Bolet\u00edn<\/h2>\n<p>Si te has registrado para recibir nuestro bolet\u00edn de noticias o nuestro bolet\u00edn especial, fotocommunity utilizar\u00e1 los datos facilitados en el registro con el fin de enviar tanto el bolet\u00edn de noticias como el bolet\u00edn especial de fotocommunity. No cederemos tus datos a terceros, exceptuando las empresas asociadas responsables de la realizaci\u00f3n t\u00e9cnica del env\u00edo de los boletines . En estos casos, la cantidad de datos transferidos se limita al m\u00ednimo necesario. Nuestra pol\u00edtica de protecci\u00f3n de datos est\u00e1 en conformidad con la Ley Federal de Protecci\u00f3n de Datos (BDSG) y la Ley de Telemedia (TMG). Los usuarios que no deseen recibir nuestro bolet\u00edn o nuestros emails promocionales, encontrar\u00e1n al final de cada email enviado por fotocommunity una indicaci\u00f3n, en la que se debe hacer clic en \u201caqu\u00ed\u201c, para darse de baja del bolet\u00edn o de cualquier otro tipo de publicidad. Emarsys eMarketing Systems AG es nuestro servicio para el env\u00edo de nuestro bolet\u00edn por correo electr\u00f3nico. Para obtener m\u00e1s informaci\u00f3n, consulta la pol\u00edtica de privacidad de Emarsys: http:\/\/www.emarsys.com\/de\/datenschutzrichtlinie\/<br \/>\nAcciones, ofertas de servicio y proveedores de servicios<br \/>\nSi participas en acciones como encuestas, concursos, competiciones y similares, es posible que tengas que introducir datos adicionales que ser\u00e1n almacenados por nosotros. Tambi\u00e9n es posible que tus datos personales sean transferidos a nuestros socios, siempre que sea necesario para la realizaci\u00f3n de la acci\u00f3n correspondiente. Lo mismo ocurre con las ofertas de servicios, como por ejemplo, las relativas a las tiendas online, siempre y cuando estas ofertas sean proporcionadas por nosotros o nuestros socios. Nuestros empleados y socios tambi\u00e9n est\u00e1n obligados a cumplir con las leyes de protecci\u00f3n de datos, en particular aquellas que se refieren a la confidencialidad de los datos.<\/p>\n<h2>Anuncios y enlaces<\/h2>\n<p>Nuestra p\u00e1gina incluye publicidad de terceros y enlaces a sitios web de los que no nos hacemos responsables. Al hacer uso de los mismos, se transmitir\u00e1, por razones t\u00e9cnicas, tu n\u00famero IP a terceros. En cualquier caso, tu IP no estar\u00e1 vinculada a tus datos personales. Tambi\u00e9n puede ser que el tercero utilice cookies u otros medios t\u00e9cnicos para medir la eficiencia de su publicidad y hacerla m\u00e1s personal. No podemos controlar o influir en las tecnolog\u00edas utilizadas por empresas de terceros. Por favor, contacta con dichas empresas si deseas conocer sus pol\u00edticas de privacidad.<\/p>\n<div data-nx-container=\"privacy\"><\/div>\n<h2>Cookies y Google Analytics<\/h2>\n<p>Esta p\u00e1gina web utiliza Google Analytics, un servicio de an\u00e1lisis web de Google Inc. (\u201cGoogle\u201d). Google Analytics hace uso de las llamadas \u201ccookies\u201d, archivos de texto que se guardan en tu ordenador y que permiten un an\u00e1lisis del uso que haces de la web. La informaci\u00f3n generada por medio de las cookies sobre tu uso de esta p\u00e1gina web se transmite y se almacena generalmente en un servidor de Google en EE.UU. Si se activa la anonimizaci\u00f3n de la IP en esta web, Google acorta tu direcci\u00f3n IP dentro de los Estados miembros de la Uni\u00f3n Europea o en otros Estados que hayan ratificado el Acuerdo sobre el Espacio Econ\u00f3mico Europeo previamente. Solo en casos excepcionales se transmitir\u00e1 la direcci\u00f3n IP completa a un servidor de Google en EE.UU. y se acortar\u00e1 all\u00ed. Por orden del operador de esta web, Google utilizar\u00e1 esa informaci\u00f3n para analizar el uso que haces de ella, con el objetivo de recopilar informes sobre las actividades de la p\u00e1gina web y proporcionar al operador otros servicios vinculados al uso de la web y de internet. La direcci\u00f3n IP transmitida por tu navegador a trav\u00e9s de Google Analytics no se relacionar\u00e1 con otros datos de Google. Puedes inhabilitar el almacenamiento de las cookies si as\u00ed lo configuras en tu navegador, pero te advertimos que, en ese caso, es posible que no puedas utilizar todas las funciones de esta p\u00e1gina web. En este sentido, puedes impedir que Google registre y procese los datos generados por las cookies y relacionados con tu uso de la p\u00e1gina web (incluida la direcci\u00f3n IP) descargando e instalando la extensi\u00f3n para navegadores disponible en el siguiente enlace: https:\/\/tools.google.com\/dlpage\/gaoptout?hl=de. Para obtener m\u00e1s informaci\u00f3n acerca de las condiciones de uso y la pol\u00edtica de privacidad, puedes dirigirte a: http:\/\/www.google.com\/analytics\/terms\/de.html o https:\/\/www.google.de\/intl\/de\/policies\/ (informaci\u00f3n general acerca de Google Analytics y la protecci\u00f3n de datos). Te indicamos que en este sitio web, el c\u00f3digo de Google Analytics \u00abgat._anonymizeIp ();\u00bb ha sido ampliado para garantizar una recopilaci\u00f3n an\u00f3nima de direcciones IP (llamado enmascaramiento IP.). Google es un miembro del programa de la UE\/US Safe Harbor (http:\/\/export.gov\/safeharbor\/) y cumple con los principios de seguridad de privacidad Safe-Harbor estadounidenses en cuanto a notificaci\u00f3n, opci\u00f3n, entrega, seguridad, integridad de datos, acceso y cumplimiento.<\/p>\n<h2>Facebook<\/h2>\n<p>Aceptas que nuestra p\u00e1gina web utiliza dos scripts adicionales de Facebook. Por un lado, contamos con el bot\u00f3n \u00abMe gusta\u00bb en la vista de detalle de las fotos. Al hacer clic sobre este bot\u00f3n, se transmite tu direcci\u00f3n IP y la informaci\u00f3n sobre la fotograf\u00eda que has visitado a Facebook (m\u00e1s informaci\u00f3n aqu\u00ed: http:\/\/www.heise.de\/security\/artikel\/Das- verraet-Facebooks-Like-Button-1230906.html). Esta funci\u00f3n se puede desactivar en la secci\u00f3n \u00abPrivacidad\u00bb (http:\/\/www.fotocommunity.de\/pc\/account\/privacy\/1). Otro plugin de Faceboook tiene la funci\u00f3n de invitarte a hacerte fan de nuestra p\u00e1gina web en Facebook. Este script aparece tanto en el blog como en la p\u00e1gina de cierre de sesi\u00f3n. Este script transfiere a Facebook tu direcci\u00f3n IP y comunica a Facebook que has visitado el blog de este sitio web o que has cerrado sesi\u00f3n en dicho sitio<\/p>\n<h2>Aplicaciones de terceros<\/h2>\n<p>En caso que utilices aplicaciones de terceros, estas requerir\u00e1n el acceso a los datos que tenemos almacenados. En qu\u00e9 medida son almacenados por parte de los desarrolladores de estas aplicaciones y c\u00f3mo son utilizados, es responsabilidad de ellos. Por favor, inf\u00f3rmate sobre el alcance del tratamiento de datos de cada proveedor. Un tercero puede solicitar la siguiente informaci\u00f3n con respecto a la interfaz ofrecida por fotocommunity:<\/p>\n<ul>\n<li>Datos personales recopilados (como la direcci\u00f3n de e-mail, el nombre de usuario, el c\u00f3digo postal, la localidad, los datos de la tarjeta de presentaci\u00f3n como modelo o el estatus de la membres\u00eda)<\/li>\n<li>Datos estad\u00edsticos (como el n\u00famero de fotos subidas, la cantidad de comentarios o el n\u00famero de favoritos)<\/li>\n<li>Contenido generado por el usuario (por ejemplo, texto del perfil, comentarios en perfiles y fotos, fotos, todas las entradas durante la actividad siempre que no haya sido deshabilitado en la configuraci\u00f3n de privacidad, votaciones, etc.)<\/li>\n<li>Datos de comunicaci\u00f3n (contactos p\u00fablicos, privados e ignorados, Fotomails, etc.)<\/li>\n<li>Las aplicaciones que acceden directamente a las p\u00e1ginas web pueden obtener toda la informaci\u00f3n que sea accesible para cualquier otro visitante de la p\u00e1gina.<\/li>\n<\/ul>\n<h2>Cesi\u00f3n de datos a terceros<\/h2>\n<p>Estamos obligados, en conformidad con la ley, a comunicar tus datos personales en determinados casos, especialmente, si as\u00ed lo requiriesen las autoridades.<br \/>\nSeguridad de los datos<br \/>\nTanto nosotros como nuestros proveedores de servicios cuidamos de forma continua la seguridad de los equipos utilizados, especialmente de nuestro servidor. Estamos constantemente preocupados por que el alto nivel alcanzado, tanto por nuestra parte como por la de nuestros proveedores de servicios siga en aumento, adapt\u00e1ndonos siempre a los avances tecnol\u00f3gicos. No obstante, la transferencia de datos desde tu ordenador hasta nuestro servidor a trav\u00e9s de internet es algo que por lo general est\u00e1 fuera de nuestro radio de acci\u00f3n, por lo que no est\u00e1 garantizada. Por lo tanto, tus correos electr\u00f3nicos y tambi\u00e9n las entradas que has realizado en los formularios de nuestro sitio web, pueden ser modificados, falsificados o eliminados por terceros. Si quieres evitar los riesgos asociados con la transferencia de datos, puedes enviarnos tus propuestas, deseos y sugerencias por correo ordinario a la direcci\u00f3n indicada en el aviso legal. La transmisi\u00f3n de datos durante el registro, el inicio de sesi\u00f3n y todas las operaciones de pago se realiza de manera encriptada.<br \/>\nResponsable de la protecci\u00f3n de datos y solicitud de informaci\u00f3n<br \/>\nComo operadores de los portales online www.fotocommunity.de, www.fotocommunity.com, www.fotocommunity.es, www.fotocommunity.fr y www.fotocommunity.it, estamos obligados a cumplir con la presente pol\u00edtica de protecci\u00f3n de datos. Si tienes alguna pregunta con respecto al tratamiento de tus datos personales, puedes ponerte en contacto con nuestro representante encargado de la protecci\u00f3n de datos, que, junto a su equipo, est\u00e1 a tu disposici\u00f3n por si deseas solicitar cualquier tipo de informaci\u00f3n o por si tienes alguna sugerencia o queja: Abogado Amin Negm-Awad Supervisor de Protecci\u00f3n de Datos &#8211; Oficial de protecci\u00f3n de datos: http: \/\/www.fotocommunity.de\/pc\/pc\/kontakt\/1\/type\/support Si lo solicitas, \u00e9l te comunicar\u00e1 qu\u00e9 datos personales son almacenados por nosotros. Si a pesar de nuestros esfuerzos por mantener la informaci\u00f3n precisa y actualizada, esta sigue siendo incorrecta, la corregiremos tras tu solicitud. En la secci\u00f3n: \u201cPerfil &#8211; Editar datos\u201d (http:\/\/www.fotocommunity.de\/pc\/account\/changeprofile\/1) t\u00fa mismo puedes actualizar tus datos en cualquier momento.<\/p>\n<h2>Contacto<\/h2>\n<p>fotocommunity GmbH<br \/>\nBr\u00fcgelmannstra\u00dfe 5<br \/>\n50679 Colonia<br \/>\nTel.: +49(0) 221-677757-0<br \/>\nFax: +49(0) 221-677757-19<br \/>\nEmail: office@fotocommunity.net<\/p>\n<p>\u00a1Esperamos que disfrutes nuestras p\u00e1ginas web!<\/p>\n<p><script type=\"text\/javascript\">\/\/ <![CDATA[ \/\/ Set to the same value as the web property used on the site var gaProperty = 'UA-990365-3'; \/\/ Disable tracking if the opt-out cookie exists. var disableStr = 'ga-disable-' + gaProperty; if (document.cookie.indexOf(disableStr + '=true') > -1) {\n  window[disableStr] = true;\n}\n \n\/\/ Opt-out function\nfunction gaOptout() {\n  document.cookie = disableStr + '=true; expires=Thu, 31 Dec 2099 23:59:59 UTC; path=\/';\n  window[disableStr] = true;\n}\n<\/script>\n<\/p>","protected":false},"excerpt":{"rendered":"<p>[full_width_section bg_pos=\u00bbLeft Top\u00bb bg_repeat=\u00bbNo-Repeat\u00bb text_color=\u00bblight\u00bb image_url=\u00bb\u00bb top_padding=\u00bb20&#8243; bottom_padding=\u00bb20&#8243; background_color=\u00bb#39A9E0&#8243;] Pol\u00edtica de privacidad [\/full_width_section] Pol\u00edtica de protecci\u00f3n de datos Tanto en fotocommunity como en nuestras empresas afiliadas nos tomamos muy en&#8230;<\/p>\n","protected":false},"author":25,"featured_media":0,"parent":0,"menu_order":0,"comment_status":"closed","ping_status":"open","template":"","meta":{"footnotes":""},"class_list":["post-1180","page","type-page","status-publish"],"yoast_head":"<!-- This site is optimized with the Yoast SEO plugin v24.2 - https:\/\/yoast.com\/wordpress\/plugins\/seo\/ -->\n<title>Pol\u00edtica de privacidad - fotocommunity<\/title>\n<meta name=\"robots\" content=\"noindex, nofollow\" \/>\n<meta property=\"og:locale\" content=\"es_ES\" \/>\n<meta property=\"og:type\" content=\"article\" \/>\n<meta property=\"og:title\" content=\"[:de]Datenschutz[:en]Privacy Policy[:fr]R\u00e8gles de confidentialit\u00e9[:it]Informativa sulla privacy[:es]Pol\u00edtica de privacidad[:] - fotocommunity\" \/>\n<meta property=\"og:description\" content=\"[full_width_section bg_pos=\u00bbLeft Top\u00bb bg_repeat=\u00bbNo-Repeat\u00bb text_color=\u00bblight\u00bb image_url=\u00bb\u00bb top_padding=\u00bb20&#8243; bottom_padding=\u00bb20&#8243; background_color=\u00bb#39A9E0&#8243;] Pol\u00edtica de privacidad [\/full_width_section] Pol\u00edtica de protecci\u00f3n de datos Tanto en fotocommunity como en nuestras empresas afiliadas nos tomamos muy en...\" \/>\n<meta property=\"og:url\" content=\"https:\/\/fotocommunity.net\/de\/datenschutz\/\" \/>\n<meta property=\"og:site_name\" content=\"fotocommunity\" \/>\n<meta property=\"article:modified_time\" content=\"2020-07-09T14:30:33+00:00\" \/>\n<meta name=\"twitter:label1\" content=\"Tiempo de lectura\" \/>\n\t<meta name=\"twitter:data1\" content=\"70 minutos\" \/>\n<script type=\"application\/ld+json\" class=\"yoast-schema-graph\">{\"@context\":\"https:\/\/schema.org\",\"@graph\":[{\"@type\":\"WebPage\",\"@id\":\"https:\/\/fotocommunity.net\/de\/datenschutz\/\",\"url\":\"https:\/\/fotocommunity.net\/de\/datenschutz\/\",\"name\":\"[:de]Datenschutz[:en]Privacy Policy[:fr]R\u00e8gles de confidentialit\u00e9[:it]Informativa sulla privacy[:es]Pol\u00edtica de privacidad[:] - fotocommunity\",\"isPartOf\":{\"@id\":\"http:\/\/fotocommunity.net\/de\/#website\"},\"datePublished\":\"2018-05-16T15:14:21+00:00\",\"dateModified\":\"2020-07-09T14:30:33+00:00\",\"breadcrumb\":{\"@id\":\"https:\/\/fotocommunity.net\/de\/datenschutz\/#breadcrumb\"},\"inLanguage\":\"es\",\"potentialAction\":[{\"@type\":\"ReadAction\",\"target\":[\"https:\/\/fotocommunity.net\/de\/datenschutz\/\"]}]},{\"@type\":\"BreadcrumbList\",\"@id\":\"https:\/\/fotocommunity.net\/de\/datenschutz\/#breadcrumb\",\"itemListElement\":[{\"@type\":\"ListItem\",\"position\":1,\"name\":\"Home\",\"item\":\"http:\/\/fotocommunity.net\/de\/\"},{\"@type\":\"ListItem\",\"position\":2,\"name\":\"Datenschutz\"}]},{\"@type\":\"WebSite\",\"@id\":\"http:\/\/fotocommunity.net\/de\/#website\",\"url\":\"http:\/\/fotocommunity.net\/de\/\",\"name\":\"fotocommunity\",\"description\":\"Wir unternehmen fotocommunity\",\"publisher\":{\"@id\":\"http:\/\/fotocommunity.net\/de\/#organization\"},\"potentialAction\":[{\"@type\":\"SearchAction\",\"target\":{\"@type\":\"EntryPoint\",\"urlTemplate\":\"http:\/\/fotocommunity.net\/de\/?s={search_term_string}\"},\"query-input\":{\"@type\":\"PropertyValueSpecification\",\"valueRequired\":true,\"valueName\":\"search_term_string\"}}],\"inLanguage\":\"es\"},{\"@type\":\"Organization\",\"@id\":\"http:\/\/fotocommunity.net\/de\/#organization\",\"name\":\"fotocommunity GmbH\",\"url\":\"http:\/\/fotocommunity.net\/de\/\",\"logo\":{\"@type\":\"ImageObject\",\"inLanguage\":\"es\",\"@id\":\"http:\/\/fotocommunity.net\/de\/#\/schema\/logo\/image\/\",\"url\":\"https:\/\/fotocommunity.net\/wp-content\/uploads\/2014\/07\/logo-corporate.png\",\"contentUrl\":\"https:\/\/fotocommunity.net\/wp-content\/uploads\/2014\/07\/logo-corporate.png\",\"width\":277,\"height\":30,\"caption\":\"fotocommunity GmbH\"},\"image\":{\"@id\":\"http:\/\/fotocommunity.net\/de\/#\/schema\/logo\/image\/\"}}]}<\/script>\n<!-- \/ Yoast SEO plugin. -->","yoast_head_json":{"title":"[:de]Datenschutz[:en]Privacy Policy[:fr]R\u00e8gles de confidentialit\u00e9[:it]Informativa sulla privacy[:es]Pol\u00edtica de privacidad[:] - fotocommunity","robots":{"index":"noindex","follow":"nofollow"},"og_locale":"es_ES","og_type":"article","og_title":"[:de]Datenschutz[:en]Privacy Policy[:fr]R\u00e8gles de confidentialit\u00e9[:it]Informativa sulla privacy[:es]Pol\u00edtica de privacidad[:] - fotocommunity","og_description":"[full_width_section bg_pos=\u00bbLeft Top\u00bb bg_repeat=\u00bbNo-Repeat\u00bb text_color=\u00bblight\u00bb image_url=\u00bb\u00bb top_padding=\u00bb20&#8243; bottom_padding=\u00bb20&#8243; background_color=\u00bb#39A9E0&#8243;] Pol\u00edtica de privacidad [\/full_width_section] Pol\u00edtica de protecci\u00f3n de datos Tanto en fotocommunity como en nuestras empresas afiliadas nos tomamos muy en...","og_url":"https:\/\/fotocommunity.net\/de\/datenschutz\/","og_site_name":"fotocommunity","article_modified_time":"2020-07-09T14:30:33+00:00","twitter_misc":{"Tiempo de lectura":"70 minutos"},"schema":{"@context":"https:\/\/schema.org","@graph":[{"@type":"WebPage","@id":"https:\/\/fotocommunity.net\/de\/datenschutz\/","url":"https:\/\/fotocommunity.net\/de\/datenschutz\/","name":"[:de]Datenschutz[:en]Privacy Policy[:fr]R\u00e8gles de confidentialit\u00e9[:it]Informativa sulla privacy[:es]Pol\u00edtica de privacidad[:] - fotocommunity","isPartOf":{"@id":"http:\/\/fotocommunity.net\/de\/#website"},"datePublished":"2018-05-16T15:14:21+00:00","dateModified":"2020-07-09T14:30:33+00:00","breadcrumb":{"@id":"https:\/\/fotocommunity.net\/de\/datenschutz\/#breadcrumb"},"inLanguage":"es","potentialAction":[{"@type":"ReadAction","target":["https:\/\/fotocommunity.net\/de\/datenschutz\/"]}]},{"@type":"BreadcrumbList","@id":"https:\/\/fotocommunity.net\/de\/datenschutz\/#breadcrumb","itemListElement":[{"@type":"ListItem","position":1,"name":"Home","item":"http:\/\/fotocommunity.net\/de\/"},{"@type":"ListItem","position":2,"name":"Datenschutz"}]},{"@type":"WebSite","@id":"http:\/\/fotocommunity.net\/de\/#website","url":"http:\/\/fotocommunity.net\/de\/","name":"fotocommunity","description":"Wir unternehmen fotocommunity","publisher":{"@id":"http:\/\/fotocommunity.net\/de\/#organization"},"potentialAction":[{"@type":"SearchAction","target":{"@type":"EntryPoint","urlTemplate":"http:\/\/fotocommunity.net\/de\/?s={search_term_string}"},"query-input":{"@type":"PropertyValueSpecification","valueRequired":true,"valueName":"search_term_string"}}],"inLanguage":"es"},{"@type":"Organization","@id":"http:\/\/fotocommunity.net\/de\/#organization","name":"fotocommunity GmbH","url":"http:\/\/fotocommunity.net\/de\/","logo":{"@type":"ImageObject","inLanguage":"es","@id":"http:\/\/fotocommunity.net\/de\/#\/schema\/logo\/image\/","url":"https:\/\/fotocommunity.net\/wp-content\/uploads\/2014\/07\/logo-corporate.png","contentUrl":"https:\/\/fotocommunity.net\/wp-content\/uploads\/2014\/07\/logo-corporate.png","width":277,"height":30,"caption":"fotocommunity GmbH"},"image":{"@id":"http:\/\/fotocommunity.net\/de\/#\/schema\/logo\/image\/"}}]}},"_links":{"self":[{"href":"https:\/\/fotocommunity.net\/es\/wp-json\/wp\/v2\/pages\/1180","targetHints":{"allow":["GET"]}}],"collection":[{"href":"https:\/\/fotocommunity.net\/es\/wp-json\/wp\/v2\/pages"}],"about":[{"href":"https:\/\/fotocommunity.net\/es\/wp-json\/wp\/v2\/types\/page"}],"author":[{"embeddable":true,"href":"https:\/\/fotocommunity.net\/es\/wp-json\/wp\/v2\/users\/25"}],"replies":[{"embeddable":true,"href":"https:\/\/fotocommunity.net\/es\/wp-json\/wp\/v2\/comments?post=1180"}],"version-history":[{"count":0,"href":"https:\/\/fotocommunity.net\/es\/wp-json\/wp\/v2\/pages\/1180\/revisions"}],"wp:attachment":[{"href":"https:\/\/fotocommunity.net\/es\/wp-json\/wp\/v2\/media?parent=1180"}],"curies":[{"name":"wp","href":"https:\/\/api.w.org\/{rel}","templated":true}]}}