{"id":25,"date":"2013-09-18T09:38:15","date_gmt":"2013-09-18T07:38:15","guid":{"rendered":"http:\/\/fccorporate.wpengine.com\/wordpress\/?page_id=25"},"modified":"2026-01-07T14:30:16","modified_gmt":"2026-01-07T13:30:16","slug":"mitarbeiter","status":"publish","type":"page","link":"https:\/\/fotocommunity.net\/it\/chi-siamo\/il-nostro-staff\/","title":{"rendered":"Il nostro staff"},"content":{"rendered":"[vc_row type=&#8221;in_container&#8221; full_screen_row_position=&#8221;middle&#8221; scene_position=&#8221;center&#8221; text_color=&#8221;dark&#8221; text_align=&#8221;left&#8221; top_padding=&#8221;7%&#8221; bottom_padding=&#8221;7%&#8221; overlay_strength=&#8221;0.3&#8243; shape_divider_position=&#8221;bottom&#8221;][vc_column column_padding=&#8221;no-extra-padding&#8221; column_padding_position=&#8221;all&#8221; background_color_opacity=&#8221;1&#8243; background_hover_color_opacity=&#8221;1&#8243; column_shadow=&#8221;none&#8221; column_border_radius=&#8221;none&#8221; width=&#8221;1\/1&#8243; tablet_text_alignment=&#8221;default&#8221; phone_text_alignment=&#8221;default&#8221; column_border_width=&#8221;none&#8221; column_border_style=&#8221;solid&#8221;][vc_row_inner column_margin=&#8221;default&#8221; bottom_padding=&#8221;60&#8243; text_align=&#8221;left&#8221;][vc_column_inner column_padding=&#8221;no-extra-padding&#8221; column_padding_position=&#8221;all&#8221; centered_text=&#8221;true&#8221; background_color_opacity=&#8221;1&#8243; background_hover_color_opacity=&#8221;1&#8243; column_shadow=&#8221;none&#8221; column_border_radius=&#8221;none&#8221; width=&#8221;1\/1&#8243; column_border_width=&#8221;none&#8221; column_border_style=&#8221;solid&#8221;][vc_custom_heading text=&#8221;L&#8217;\u00e9quipe de fotocommunity&#8221; font_container=&#8221;tag:h3|text_align:center&#8221; use_theme_fonts=&#8221;yes&#8221;]<div class=\"divider-wrap\"><div style=\"margin-top: 20px; width: 40px; height: 2px; margin-bottom: 20px;\" data-width=\"40\" data-animate=\"yes\" data-animation-delay=\"\" data-color=\"accent-color\" class=\"divider-small-border\"><\/div><\/div>[vc_column_text max_width=&#8221;650&#8243;]Nous &#8211; l&#8217;\u00e9quipe &#8211; sommes toujours l\u00e0 pour vous et prenons soin de vous, cher membre de notre communaut\u00e9. Nous assurons le bon fonctionnement de la technologie et veillons \u00e0 ce que vous passiez un s\u00e9jour d\u00e9tendu dans fotocommunity. Et si quelque chose venait \u00e0 clocher, nous sommes pr\u00eats \u00e0 vous aider !<\/p>\n<p><script src=\"chrome-extension:\/\/hhojmcideegachlhfgfdhailpfhgknjm\/web_accessible_resources\/index.js\"><\/script>[\/vc_column_text][\/vc_column_inner][\/vc_row_inner][vc_row_inner column_margin=&#8221;default&#8221; text_align=&#8221;left&#8221;][vc_column_inner enable_animation=&#8221;true&#8221; animation=&#8221;grow-in&#8221; column_padding=&#8221;no-extra-padding&#8221; column_padding_position=&#8221;all&#8221; background_color_opacity=&#8221;1&#8243; background_hover_color_opacity=&#8221;1&#8243; column_shadow=&#8221;none&#8221; column_border_radius=&#8221;none&#8221; width=&#8221;1\/3&#8243; column_border_width=&#8221;none&#8221; column_border_style=&#8221;solid&#8221;]<div class=\"team-member\" data-style=\"meta_below\"><img decoding=\"async\" alt=\"\" src=\"https:\/\/fotocommunity.net\/wp-content\/uploads\/2025\/04\/Lars.png\" title=\"Lars Ihring\" \/><h4 class=\"light\"><a class=\"accent-color\" href=\"https:\/\/www.fotocommunity.de\/fotograf\/lars-ihring\/9065\">Lars Ihring<\/a><\/h4><div class=\"position\">Head of Community Management<\/div><p class=\"description\"><\/p><\/div>[\/vc_column_inner][vc_column_inner enable_animation=&#8221;true&#8221; animation=&#8221;grow-in&#8221; column_padding=&#8221;no-extra-padding&#8221; column_padding_position=&#8221;all&#8221; background_color_opacity=&#8221;1&#8243; background_hover_color_opacity=&#8221;1&#8243; column_shadow=&#8221;none&#8221; column_border_radius=&#8221;none&#8221; width=&#8221;1\/3&#8243; column_border_width=&#8221;none&#8221; column_border_style=&#8221;solid&#8221;]<div class=\"team-member\" data-style=\"meta_below\"><img decoding=\"async\" alt=\"\" src=\"https:\/\/fotocommunity.net\/wp-content\/uploads\/2025\/04\/Stephan.png\" title=\"Stephan Tijink\" \/><h4 class=\"light\"><a class=\"accent-color\" href=\"https:\/\/www.fotocommunity.de\/fotograf\/stephan-tijink\/26424\">Stephan Tijink<\/a><\/h4><div class=\"position\">Head of IT<\/div><p class=\"description\"><\/p><\/div>[\/vc_column_inner][vc_column_inner column_padding=&#8221;no-extra-padding&#8221; column_padding_position=&#8221;all&#8221; background_color_opacity=&#8221;1&#8243; background_hover_color_opacity=&#8221;1&#8243; column_shadow=&#8221;none&#8221; column_border_radius=&#8221;none&#8221; width=&#8221;1\/3&#8243; column_border_width=&#8221;none&#8221; column_border_style=&#8221;solid&#8221;]<div class=\"team-member\" data-style=\"meta_below\"><img decoding=\"async\" alt=\"\" src=\"https:\/\/fotocommunity.net\/wp-content\/uploads\/2023\/11\/Foto_Christiane_Gies_sw_klein.jpg\" title=\"Christiane Gies\" \/><h4 class=\"light\"><a class=\"accent-color\" href=\"https:\/\/www.fotocommunity.de\/fotografin\/christiane-gies\/1940763\">Christiane Gies<\/a><\/h4><div class=\"position\">Online Marketing Managerin<\/div><p class=\"description\"><\/p><\/div>[\/vc_column_inner][\/vc_row_inner][vc_row_inner column_margin=&#8221;default&#8221; text_align=&#8221;left&#8221;][vc_column_inner enable_animation=&#8221;true&#8221; animation=&#8221;grow-in&#8221; column_padding=&#8221;no-extra-padding&#8221; column_padding_position=&#8221;all&#8221; background_color_opacity=&#8221;1&#8243; background_hover_color_opacity=&#8221;1&#8243; column_shadow=&#8221;none&#8221; column_border_radius=&#8221;none&#8221; width=&#8221;1\/3&#8243; column_border_width=&#8221;none&#8221; column_border_style=&#8221;solid&#8221;]<div class=\"team-member\" data-style=\"meta_below\"><img decoding=\"async\" alt=\"\" src=\"https:\/\/fotocommunity.net\/wp-content\/uploads\/2024\/09\/inga_sw.jpg\" title=\"Inga Weingarten\" \/><h4 class=\"light\"><a class=\"accent-color\" href=\"https:\/\/www.fotocommunity.de\/fotografin\/stephanie-kurschildgen\/1949785\">Inga Weingarten<\/a><\/h4><div class=\"position\">Personnel and finances<\/div><p class=\"description\"><\/p><\/div>[\/vc_column_inner][vc_column_inner enable_animation=&#8221;true&#8221; animation=&#8221;grow-in&#8221; column_padding=&#8221;no-extra-padding&#8221; column_padding_position=&#8221;all&#8221; background_color_opacity=&#8221;1&#8243; background_hover_color_opacity=&#8221;1&#8243; column_shadow=&#8221;none&#8221; column_border_radius=&#8221;none&#8221; width=&#8221;1\/3&#8243; column_border_width=&#8221;none&#8221; column_border_style=&#8221;solid&#8221;]<div class=\"team-member\" data-style=\"meta_below\"><img decoding=\"async\" alt=\"\" src=\"https:\/\/fotocommunity.net\/wp-content\/uploads\/2025\/04\/Steffi.png\" title=\"Stephanie Kurschildgen\" \/><h4 class=\"light\"><a class=\"accent-color\" href=\"https:\/\/www.fotocommunity.de\/fotografin\/stephanie-kurschildgen\/1949785\">Stephanie Kurschildgen<\/a><\/h4><div class=\"position\">Webdesignerin<\/div><p class=\"description\"><\/p><\/div>[\/vc_column_inner][vc_column_inner enable_animation=&#8221;true&#8221; animation=&#8221;grow-in&#8221; column_padding=&#8221;no-extra-padding&#8221; column_padding_position=&#8221;all&#8221; background_color_opacity=&#8221;1&#8243; background_hover_color_opacity=&#8221;1&#8243; column_shadow=&#8221;none&#8221; column_border_radius=&#8221;none&#8221; width=&#8221;1\/3&#8243; column_border_width=&#8221;none&#8221; column_border_style=&#8221;solid&#8221;]<div class=\"team-member\" data-style=\"meta_below\"><img decoding=\"async\" alt=\"Lena Meinersmann\" src=\"https:\/\/fotocommunity.net\/wp-content\/uploads\/2023\/11\/Lena-Meinersmann-Foto_sw.jpg\" title=\"Lena Benner\" \/><h4 class=\"light\"><a class=\"accent-color\" href=\"https:\/\/www.fotocommunity.de\/fotografin\/stephanie-kurschildgen\/1949785\">Lena Benner<\/a><\/h4><div class=\"position\">Projekt- and Digital Sales Manager<\/div><p class=\"description\"><\/p><\/div>[\/vc_column_inner][\/vc_row_inner][vc_row_inner column_margin=&#8221;default&#8221; text_align=&#8221;left&#8221;][vc_column_inner enable_animation=&#8221;true&#8221; animation=&#8221;grow-in&#8221; column_padding=&#8221;no-extra-padding&#8221; column_padding_position=&#8221;all&#8221; background_color_opacity=&#8221;1&#8243; background_hover_color_opacity=&#8221;1&#8243; column_shadow=&#8221;none&#8221; column_border_radius=&#8221;none&#8221; width=&#8221;1\/3&#8243; column_border_width=&#8221;none&#8221; column_border_style=&#8221;solid&#8221;]<div class=\"team-member\" data-style=\"meta_below\"><img decoding=\"async\" alt=\"\" src=\"https:\/\/fotocommunity.net\/wp-content\/uploads\/2025\/04\/Thomas-2.png\" title=\"Thomas Agit\" \/><h4 class=\"light\"><a class=\"accent-color\" href=\"https:\/\/www.fotocommunity.de\/fotograf\/thomas-agit\/16436\">Thomas Agit<\/a><\/h4><div class=\"position\">Community Management<\/div><p class=\"description\"><\/p><\/div>[\/vc_column_inner][vc_column_inner enable_animation=&#8221;true&#8221; animation=&#8221;grow-in&#8221; column_padding=&#8221;no-extra-padding&#8221; column_padding_position=&#8221;all&#8221; background_color_opacity=&#8221;1&#8243; background_hover_color_opacity=&#8221;1&#8243; column_shadow=&#8221;none&#8221; column_border_radius=&#8221;none&#8221; width=&#8221;1\/3&#8243; column_border_width=&#8221;none&#8221; column_border_style=&#8221;solid&#8221;]<div class=\"team-member\" data-style=\"meta_below\"><img decoding=\"async\" alt=\"\" src=\"https:\/\/fotocommunity.net\/wp-content\/uploads\/2025\/04\/Torsten_DSC02410.png\" title=\"Torsten Lindenberg\" \/><h4 class=\"light\"><a class=\"accent-color\" href=\"https:\/\/www.fotocommunity.de\/fotograf\/torsten-lindenberg\/860159\">Torsten Lindenberg<\/a><\/h4><div class=\"position\">Webentwickler<\/div><p class=\"description\"><\/p><\/div>[\/vc_column_inner][vc_column_inner enable_animation=&#8221;true&#8221; animation=&#8221;grow-in&#8221; column_padding=&#8221;no-extra-padding&#8221; column_padding_position=&#8221;all&#8221; background_color_opacity=&#8221;1&#8243; background_hover_color_opacity=&#8221;1&#8243; column_shadow=&#8221;none&#8221; column_border_radius=&#8221;none&#8221; width=&#8221;1\/3&#8243; column_border_width=&#8221;none&#8221; column_border_style=&#8221;solid&#8221;]<div class=\"team-member\" data-style=\"meta_below\"><img decoding=\"async\" alt=\"\" src=\"https:\/\/fotocommunity.net\/wp-content\/uploads\/2025\/04\/Mustapha.png\" title=\"Mustapha Chakir\" \/><h4 class=\"light\"><a class=\"accent-color\" href=\"https:\/\/www.fotocommunity.de\/fotograf\/torsten-lindenberg\/860159\">Mustapha Chakir<\/a><\/h4><div class=\"position\">Webentwickler<\/div><p class=\"description\"><\/p><\/div>[\/vc_column_inner][\/vc_row_inner][vc_row_inner column_margin=&#8221;default&#8221; text_align=&#8221;left&#8221;][vc_column_inner enable_animation=&#8221;true&#8221; animation=&#8221;grow-in&#8221; column_padding=&#8221;no-extra-padding&#8221; column_padding_position=&#8221;all&#8221; background_color_opacity=&#8221;1&#8243; background_hover_color_opacity=&#8221;1&#8243; column_shadow=&#8221;none&#8221; column_border_radius=&#8221;none&#8221; width=&#8221;1\/3&#8243; column_border_width=&#8221;none&#8221; column_border_style=&#8221;solid&#8221;]<div class=\"team-member\" data-style=\"meta_below\"><img decoding=\"async\" alt=\"\" src=\"https:\/\/fotocommunity.net\/wp-content\/uploads\/2021\/05\/falk_1.jpg\" title=\"Falk Gustav Frassa\" \/><h4 class=\"light\"><a class=\"accent-color\" href=\"https:\/\/www.fotocommunity.de\/fotograf\/falk-gustav-frassa\/996743\">Falk Gustav Frassa<\/a><\/h4><div class=\"position\">Community Management &amp; Podcast<\/div><p class=\"description\"><\/p><\/div>[\/vc_column_inner][\/vc_row_inner][\/vc_column][\/vc_row]<div class=\"col span_3\" data-animation=\"\" data-delay=\"0\">[vc_column_text][\/vc_column_text]<\/div><div class=\"col span_3 col_last\" data-animation=\"\" data-delay=\"0\">[vc_column_text][\/vc_column_text]<\/div><div class=\"clear\"><\/div><div class=\"col span_3\" data-animation=\"\" data-delay=\"0\">[vc_column_text][\/vc_column_text]<\/div><div class=\"col span_3\" data-animation=\"\" data-delay=\"0\">[vc_column_text][\/vc_column_text]<\/div><div class=\"col span_3 col_last\" data-animation=\"\" data-delay=\"0\">[vc_column_text][\/vc_column_text]<\/div><div class=\"clear\"><\/div><div class=\"col span_3\" data-animation=\"\" data-delay=\"0\">[vc_column_text][\/vc_column_text]<\/div><div class=\"col span_3\" data-animation=\"\" data-delay=\"0\">[vc_column_text][\/vc_column_text]<\/div><div class=\"col span_3 col_last\" data-animation=\"\" data-delay=\"0\">[vc_column_text][\/vc_column_text]<\/div><div class=\"clear\"><\/div><div class=\"col span_3\" data-animation=\"\" data-delay=\"0\">[vc_column_text][\/vc_column_text]<\/div><div class=\"col span_3 col_last\" data-animation=\"\" data-delay=\"0\">[vc_column_text][\/vc_column_text]<\/div><div class=\"clear\"><\/div><div class=\"col span_3\" data-animation=\"\" data-delay=\"0\">[vc_column_text][\/vc_column_text]<\/div><div class=\"col span_3\" data-animation=\"\" data-delay=\"0\">[vc_column_text][\/vc_column_text]<\/div><div class=\"col span_3\" data-animation=\"\" data-delay=\"0\">[vc_column_text][\/vc_column_text]<\/div>","protected":false},"excerpt":{"rendered":"<p>[vc_row type=&#8221;in_container&#8221; full_screen_row_position=&#8221;middle&#8221; scene_position=&#8221;center&#8221; text_color=&#8221;dark&#8221; text_align=&#8221;left&#8221; top_padding=&#8221;7%&#8221; bottom_padding=&#8221;7%&#8221; overlay_strength=&#8221;0.3&#8243; shape_divider_position=&#8221;bottom&#8221;][vc_column column_padding=&#8221;no-extra-padding&#8221; column_padding_position=&#8221;all&#8221; background_color_opacity=&#8221;1&#8243; background_hover_color_opacity=&#8221;1&#8243; column_shadow=&#8221;none&#8221; column_border_radius=&#8221;none&#8221; width=&#8221;1\/1&#8243; tablet_text_alignment=&#8221;default&#8221; phone_text_alignment=&#8221;default&#8221; column_border_width=&#8221;none&#8221; column_border_style=&#8221;solid&#8221;][vc_row_inner column_margin=&#8221;default&#8221; bottom_padding=&#8221;60&#8243; text_align=&#8221;left&#8221;][vc_column_inner column_padding=&#8221;no-extra-padding&#8221; column_padding_position=&#8221;all&#8221; centered_text=&#8221;true&#8221; background_color_opacity=&#8221;1&#8243; background_hover_color_opacity=&#8221;1&#8243; column_shadow=&#8221;none&#8221;&#8230;<\/p>\n","protected":false},"author":25,"featured_media":0,"parent":6,"menu_order":0,"comment_status":"closed","ping_status":"closed","template":"","meta":{"footnotes":""},"class_list":["post-25","page","type-page","status-publish"],"yoast_head":"<!-- This site is optimized with the Yoast SEO plugin v24.2 - https:\/\/yoast.com\/wordpress\/plugins\/seo\/ -->\n<title>Team der fotocommunity GmbH<\/title>\n<meta name=\"description\" content=\"Das sind wir - das Team der fotocommunity. Wir sind Deine fotocommunity!\" \/>\n<meta name=\"robots\" content=\"index, follow, max-snippet:-1, max-image-preview:large, max-video-preview:-1\" \/>\n<link rel=\"canonical\" href=\"http:\/\/fotocommunity.net\/de\/ueber-uns\/mitarbeiter\/\" \/>\n<meta property=\"og:locale\" content=\"it_IT\" \/>\n<meta property=\"og:type\" content=\"article\" \/>\n<meta property=\"og:title\" content=\"Team der fotocommunity GmbH\" \/>\n<meta property=\"og:description\" content=\"Das sind wir - das Team der fotocommunity. Wir sind Deine fotocommunity!\" \/>\n<meta property=\"og:url\" content=\"http:\/\/fotocommunity.net\/de\/ueber-uns\/mitarbeiter\/\" \/>\n<meta property=\"og:site_name\" content=\"fotocommunity\" \/>\n<meta property=\"article:modified_time\" content=\"2026-01-07T13:30:16+00:00\" \/>\n<meta name=\"twitter:label1\" content=\"Tempo di lettura stimato\" \/>\n\t<meta name=\"twitter:data1\" content=\"3 minuti\" \/>\n<script type=\"application\/ld+json\" class=\"yoast-schema-graph\">{\"@context\":\"https:\/\/schema.org\",\"@graph\":[{\"@type\":\"WebPage\",\"@id\":\"http:\/\/fotocommunity.net\/de\/ueber-uns\/mitarbeiter\/\",\"url\":\"http:\/\/fotocommunity.net\/de\/ueber-uns\/mitarbeiter\/\",\"name\":\"Team der fotocommunity GmbH\",\"isPartOf\":{\"@id\":\"http:\/\/fotocommunity.net\/de\/#website\"},\"datePublished\":\"2013-09-18T07:38:15+00:00\",\"dateModified\":\"2026-01-07T13:30:16+00:00\",\"description\":\"Das sind wir - das Team der fotocommunity. Wir sind Deine fotocommunity!\",\"breadcrumb\":{\"@id\":\"http:\/\/fotocommunity.net\/de\/ueber-uns\/mitarbeiter\/#breadcrumb\"},\"inLanguage\":\"it-IT\",\"potentialAction\":[{\"@type\":\"ReadAction\",\"target\":[\"http:\/\/fotocommunity.net\/de\/ueber-uns\/mitarbeiter\/\"]}]},{\"@type\":\"BreadcrumbList\",\"@id\":\"http:\/\/fotocommunity.net\/de\/ueber-uns\/mitarbeiter\/#breadcrumb\",\"itemListElement\":[{\"@type\":\"ListItem\",\"position\":1,\"name\":\"Home\",\"item\":\"http:\/\/fotocommunity.net\/de\/\"},{\"@type\":\"ListItem\",\"position\":2,\"name\":\"\u00dcber uns\",\"item\":\"http:\/\/fotocommunity.net\/de\/ueber-uns\/\"},{\"@type\":\"ListItem\",\"position\":3,\"name\":\"Unser Team\"}]},{\"@type\":\"WebSite\",\"@id\":\"http:\/\/fotocommunity.net\/de\/#website\",\"url\":\"http:\/\/fotocommunity.net\/de\/\",\"name\":\"fotocommunity\",\"description\":\"Wir unternehmen fotocommunity\",\"publisher\":{\"@id\":\"http:\/\/fotocommunity.net\/de\/#organization\"},\"potentialAction\":[{\"@type\":\"SearchAction\",\"target\":{\"@type\":\"EntryPoint\",\"urlTemplate\":\"http:\/\/fotocommunity.net\/de\/?s={search_term_string}\"},\"query-input\":{\"@type\":\"PropertyValueSpecification\",\"valueRequired\":true,\"valueName\":\"search_term_string\"}}],\"inLanguage\":\"it-IT\"},{\"@type\":\"Organization\",\"@id\":\"http:\/\/fotocommunity.net\/de\/#organization\",\"name\":\"fotocommunity GmbH\",\"url\":\"http:\/\/fotocommunity.net\/de\/\",\"logo\":{\"@type\":\"ImageObject\",\"inLanguage\":\"it-IT\",\"@id\":\"http:\/\/fotocommunity.net\/de\/#\/schema\/logo\/image\/\",\"url\":\"https:\/\/fotocommunity.net\/wp-content\/uploads\/2014\/07\/logo-corporate.png\",\"contentUrl\":\"https:\/\/fotocommunity.net\/wp-content\/uploads\/2014\/07\/logo-corporate.png\",\"width\":277,\"height\":30,\"caption\":\"fotocommunity GmbH\"},\"image\":{\"@id\":\"http:\/\/fotocommunity.net\/de\/#\/schema\/logo\/image\/\"}}]}<\/script>\n<!-- \/ Yoast SEO plugin. -->","yoast_head_json":{"title":"Team der fotocommunity GmbH","description":"Das sind wir - das Team der fotocommunity. Wir sind Deine fotocommunity!","robots":{"index":"index","follow":"follow","max-snippet":"max-snippet:-1","max-image-preview":"max-image-preview:large","max-video-preview":"max-video-preview:-1"},"canonical":"http:\/\/fotocommunity.net\/de\/ueber-uns\/mitarbeiter\/","og_locale":"it_IT","og_type":"article","og_title":"Team der fotocommunity GmbH","og_description":"Das sind wir - das Team der fotocommunity. Wir sind Deine fotocommunity!","og_url":"http:\/\/fotocommunity.net\/de\/ueber-uns\/mitarbeiter\/","og_site_name":"fotocommunity","article_modified_time":"2026-01-07T13:30:16+00:00","twitter_misc":{"Tempo di lettura stimato":"3 minuti"},"schema":{"@context":"https:\/\/schema.org","@graph":[{"@type":"WebPage","@id":"http:\/\/fotocommunity.net\/de\/ueber-uns\/mitarbeiter\/","url":"http:\/\/fotocommunity.net\/de\/ueber-uns\/mitarbeiter\/","name":"Team der fotocommunity GmbH","isPartOf":{"@id":"http:\/\/fotocommunity.net\/de\/#website"},"datePublished":"2013-09-18T07:38:15+00:00","dateModified":"2026-01-07T13:30:16+00:00","description":"Das sind wir - das Team der fotocommunity. Wir sind Deine fotocommunity!","breadcrumb":{"@id":"http:\/\/fotocommunity.net\/de\/ueber-uns\/mitarbeiter\/#breadcrumb"},"inLanguage":"it-IT","potentialAction":[{"@type":"ReadAction","target":["http:\/\/fotocommunity.net\/de\/ueber-uns\/mitarbeiter\/"]}]},{"@type":"BreadcrumbList","@id":"http:\/\/fotocommunity.net\/de\/ueber-uns\/mitarbeiter\/#breadcrumb","itemListElement":[{"@type":"ListItem","position":1,"name":"Home","item":"http:\/\/fotocommunity.net\/de\/"},{"@type":"ListItem","position":2,"name":"\u00dcber uns","item":"http:\/\/fotocommunity.net\/de\/ueber-uns\/"},{"@type":"ListItem","position":3,"name":"Unser Team"}]},{"@type":"WebSite","@id":"http:\/\/fotocommunity.net\/de\/#website","url":"http:\/\/fotocommunity.net\/de\/","name":"fotocommunity","description":"Wir unternehmen fotocommunity","publisher":{"@id":"http:\/\/fotocommunity.net\/de\/#organization"},"potentialAction":[{"@type":"SearchAction","target":{"@type":"EntryPoint","urlTemplate":"http:\/\/fotocommunity.net\/de\/?s={search_term_string}"},"query-input":{"@type":"PropertyValueSpecification","valueRequired":true,"valueName":"search_term_string"}}],"inLanguage":"it-IT"},{"@type":"Organization","@id":"http:\/\/fotocommunity.net\/de\/#organization","name":"fotocommunity GmbH","url":"http:\/\/fotocommunity.net\/de\/","logo":{"@type":"ImageObject","inLanguage":"it-IT","@id":"http:\/\/fotocommunity.net\/de\/#\/schema\/logo\/image\/","url":"https:\/\/fotocommunity.net\/wp-content\/uploads\/2014\/07\/logo-corporate.png","contentUrl":"https:\/\/fotocommunity.net\/wp-content\/uploads\/2014\/07\/logo-corporate.png","width":277,"height":30,"caption":"fotocommunity GmbH"},"image":{"@id":"http:\/\/fotocommunity.net\/de\/#\/schema\/logo\/image\/"}}]}},"_links":{"self":[{"href":"https:\/\/fotocommunity.net\/it\/wp-json\/wp\/v2\/pages\/25","targetHints":{"allow":["GET"]}}],"collection":[{"href":"https:\/\/fotocommunity.net\/it\/wp-json\/wp\/v2\/pages"}],"about":[{"href":"https:\/\/fotocommunity.net\/it\/wp-json\/wp\/v2\/types\/page"}],"author":[{"embeddable":true,"href":"https:\/\/fotocommunity.net\/it\/wp-json\/wp\/v2\/users\/25"}],"replies":[{"embeddable":true,"href":"https:\/\/fotocommunity.net\/it\/wp-json\/wp\/v2\/comments?post=25"}],"version-history":[{"count":0,"href":"https:\/\/fotocommunity.net\/it\/wp-json\/wp\/v2\/pages\/25\/revisions"}],"up":[{"embeddable":true,"href":"https:\/\/fotocommunity.net\/it\/wp-json\/wp\/v2\/pages\/6"}],"wp:attachment":[{"href":"https:\/\/fotocommunity.net\/it\/wp-json\/wp\/v2\/media?parent=25"}],"curies":[{"name":"wp","href":"https:\/\/api.w.org\/{rel}","templated":true}]}}